{"id":147,"date":"2024-01-07T17:43:50","date_gmt":"2024-01-07T15:43:50","guid":{"rendered":"http:\/\/www.schaerligbad.ch\/?page_id=147"},"modified":"2024-01-29T18:21:33","modified_gmt":"2024-01-29T16:21:33","slug":"kinder-2","status":"publish","type":"page","link":"https:\/\/www.schaerligbad.ch\/?page_id=147","title":{"rendered":"Kinder"},"content":{"rendered":"<p style=\"text-align: center;\"><a href=\"http:\/\/www.schaerligbad.ch\/wp-content\/uploads\/2014\/07\/Spielplatzfoto-\u00dcbersicht.png\"><img loading=\"lazy\" decoding=\"async\" class=\"alignnone size-full wp-image-527\" src=\"http:\/\/www.schaerligbad.ch\/wp-content\/uploads\/2014\/07\/Spielplatzfoto-\u00dcbersicht.png\" alt=\"Spielplatzfoto \u00dcbersicht\" width=\"966\" height=\"376\" srcset=\"https:\/\/www.schaerligbad.ch\/wp-content\/uploads\/2014\/07\/Spielplatzfoto-\u00dcbersicht.png 966w, https:\/\/www.schaerligbad.ch\/wp-content\/uploads\/2014\/07\/Spielplatzfoto-\u00dcbersicht-300x116.png 300w\" sizes=\"(max-width: 966px) 100vw, 966px\" \/><\/a><\/p>\n<p>F\u00fcr die J\u00fcngsten f\u00fchren wir eine eigene Kinderkarte. Wer bereits vor dem Besuch einen Blick hinein werfen m\u00f6chte, findet das Dokument hier: <a href=\"https:\/\/www.schaerligbad.ch\/wp-content\/uploads\/2024\/01\/Kinderkarte.pdf\">Kinderkarte<\/a><\/p>\n<p>Unser <a href=\"http:\/\/www.schaerligbad.ch\/wp-content\/uploads\/2014\/07\/R\u00e4tsel-Spielplatz.pdf\">Spielplatz-R\u00e4tsel<\/a>\u00a0kannst du ausdrucken und im Sch\u00e4rligbad die L\u00f6sungen finden!<\/p>\n<p><a href=\"http:\/\/www.schaerligbad.ch\/wp-content\/uploads\/2014\/07\/R\u00e4tsel-Spielplatz.pdf\" target=\"_blank\" rel=\"noopener\"><img loading=\"lazy\" decoding=\"async\" class=\"alignnone wp-image-528 size-full\" src=\"http:\/\/www.schaerligbad.ch\/wp-content\/uploads\/2014\/07\/Spielplatzr\u00e4tsel.png\" alt=\"Spielplatzr\u00e4tsel\" width=\"392\" height=\"560\" srcset=\"https:\/\/www.schaerligbad.ch\/wp-content\/uploads\/2014\/07\/Spielplatzr\u00e4tsel.png 392w, https:\/\/www.schaerligbad.ch\/wp-content\/uploads\/2014\/07\/Spielplatzr\u00e4tsel-210x300.png 210w\" sizes=\"(max-width: 392px) 100vw, 392px\" \/><\/a><\/p>\n","protected":false},"excerpt":{"rendered":"<p>F\u00fcr die J\u00fcngsten f\u00fchren wir eine eigene Kinderkarte. Wer bereits vor dem Besuch einen Blick hinein werfen m\u00f6chte, findet das Dokument hier: Kinderkarte Unser Spielplatz-R\u00e4tsel\u00a0kannst du ausdrucken und im Sch\u00e4rligbad die L\u00f6sungen finden!<\/p>\n","protected":false},"author":1,"featured_media":0,"parent":0,"menu_order":3,"comment_status":"closed","ping_status":"closed","template":"","meta":{"footnotes":""},"_links":{"self":[{"href":"https:\/\/www.schaerligbad.ch\/index.php?rest_route=\/wp\/v2\/pages\/147"}],"collection":[{"href":"https:\/\/www.schaerligbad.ch\/index.php?rest_route=\/wp\/v2\/pages"}],"about":[{"href":"https:\/\/www.schaerligbad.ch\/index.php?rest_route=\/wp\/v2\/types\/page"}],"author":[{"embeddable":true,"href":"https:\/\/www.schaerligbad.ch\/index.php?rest_route=\/wp\/v2\/users\/1"}],"replies":[{"embeddable":true,"href":"https:\/\/www.schaerligbad.ch\/index.php?rest_route=%2Fwp%2Fv2%2Fcomments&post=147"}],"version-history":[{"count":12,"href":"https:\/\/www.schaerligbad.ch\/index.php?rest_route=\/wp\/v2\/pages\/147\/revisions"}],"predecessor-version":[{"id":1689,"href":"https:\/\/www.schaerligbad.ch\/index.php?rest_route=\/wp\/v2\/pages\/147\/revisions\/1689"}],"wp:attachment":[{"href":"https:\/\/www.schaerligbad.ch\/index.php?rest_route=%2Fwp%2Fv2%2Fmedia&parent=147"}],"curies":[{"name":"wp","href":"https:\/\/api.w.org\/{rel}","templated":true}]}}