{"id":150,"date":"2026-03-03T08:57:04","date_gmt":"2026-03-03T06:57:04","guid":{"rendered":"http:\/\/www.schaerligbad.ch\/?page_id=150"},"modified":"2026-03-28T15:41:49","modified_gmt":"2026-03-28T13:41:49","slug":"aktivitaten-links","status":"publish","type":"page","link":"https:\/\/www.schaerligbad.ch\/?page_id=150","title":{"rendered":"Aktivit\u00e4ten &#038; Links"},"content":{"rendered":"<p><a href=\"https:\/\/www.schaerligbad.ch\/wp-content\/uploads\/2013\/05\/Panorama-Wanderung-Sommer.png\"><img loading=\"lazy\" decoding=\"async\" class=\"alignleft wp-image-259\" src=\"https:\/\/www.schaerligbad.ch\/wp-content\/uploads\/2013\/05\/Panorama-Wanderung-Sommer.png\" alt=\"\" width=\"305\" height=\"202\" \/><\/a><\/p>\n<p><strong>Panorama-Rundwanderung:<\/strong><br \/>\nSie starten beim Sch\u00e4rligbad und geniessen Sie die herrliche Aussicht auf der 4 st\u00fcndigen Rundwanderung. Ob im Sommer oder Winter mit Schneeschuhen, ihre Anstrengung lohnt sich auf jeden Fall. Geniessen Sie eine Zwischenverpflegung im Bergrestaurant Erika und lassen Sie sich nachher im Sch\u00e4rligbad verw\u00f6hnen.<\/p>\n<p>Weitere Informationen zur Wanderung finden Sie hier: <a href=\"http:\/\/www.schaerligbad.ch\/wp-content\/uploads\/2012\/12\/Rundwanderung-mit-Karte.pdf\" target=\"_blank\" rel=\"noopener noreferrer\">Rundwanderung mit Karte<\/a>.<\/p>\n<p>&nbsp;<\/p>\n<p>&nbsp;<\/p>\n<p><a href=\"http:\/\/www.schaerligbad.ch\/wp-content\/uploads\/2020\/07\/schaugarten_lounge.jpg\"><img loading=\"lazy\" decoding=\"async\" class=\"alignleft wp-image-1169\" src=\"http:\/\/www.schaerligbad.ch\/wp-content\/uploads\/2020\/07\/schaugarten_lounge-300x195.jpg\" alt=\"\" width=\"305\" height=\"198\" srcset=\"https:\/\/www.schaerligbad.ch\/wp-content\/uploads\/2020\/07\/schaugarten_lounge-300x195.jpg 300w, https:\/\/www.schaerligbad.ch\/wp-content\/uploads\/2020\/07\/schaugarten_lounge-768x499.jpg 768w, https:\/\/www.schaerligbad.ch\/wp-content\/uploads\/2020\/07\/schaugarten_lounge.jpg 1000w\" sizes=\"(max-width: 305px) 100vw, 305px\" \/><\/a><\/p>\n<p><a href=\"https:\/\/www.aeschlimann-gartenbau.ch\/\">https:\/\/www.aeschlimann-gartenbau.ch\/<\/a><\/p>\n<p>Nur gerade 500m vom Sch\u00e4rligbad entfernt k\u00f6nnen Sie den zauberhaften Show-Garten der Aeschlimann Gartenbau GmbH bestaunen. Kleiner Tip:<\/p>\n<p>Buchen Sie eine fachkundige F\u00fchrung, geniessen schon mal ein ungezwungenes Ap\u00e9ro in der idyllischen Atmosph\u00e4re und lassen Sie sich anschliessend im Sch\u00e4rligbad kulinarisch Verw\u00f6hnen.<\/p>\n<p>&nbsp;<\/p>\n<p>&nbsp;<\/p>\n<p>&nbsp;<\/p>\n<p><a href=\"https:\/\/www.schaerligbad.ch\/wp-content\/uploads\/2013\/05\/Marbachegg-sommer.png\"><img loading=\"lazy\" decoding=\"async\" class=\"alignleft wp-image-257 size-full\" src=\"https:\/\/www.schaerligbad.ch\/wp-content\/uploads\/2013\/05\/Marbachegg-sommer.png\" alt=\"\" width=\"305\" height=\"165\" srcset=\"https:\/\/www.schaerligbad.ch\/wp-content\/uploads\/2013\/05\/Marbachegg-sommer.png 305w, https:\/\/www.schaerligbad.ch\/wp-content\/uploads\/2013\/05\/Marbachegg-sommer-300x162.png 300w\" sizes=\"(max-width: 305px) 100vw, 305px\" \/><\/a><\/p>\n<p style=\"text-align: left;\"><a href=\"https:\/\/www.escholzmatt-marbach-tourismus.ch\/\">https:\/\/www.escholzmatt-marbach-tourismus.ch\/<\/a><br \/>\nWinter: Ski, Snowboard, Schneeschuhe laufen, Langlauf<br \/>\nSommer: Marbachegg-Carts, wandern, biken<\/p>\n<p>&nbsp;<\/p>\n<p>&nbsp;<\/p>\n<p>&nbsp;<\/p>\n<p>&nbsp;<\/p>\n<p><a href=\"https:\/\/www.schaerligbad.ch\/wp-content\/uploads\/2024\/08\/Schintbuehl-Glacesortment-1024x635-1.jpg\"><img loading=\"lazy\" decoding=\"async\" class=\"alignleft wp-image-1732\" src=\"https:\/\/www.schaerligbad.ch\/wp-content\/uploads\/2024\/08\/Schintbuehl-Glacesortment-1024x635-1.jpg\" alt=\"\" width=\"305\" height=\"189\" srcset=\"https:\/\/www.schaerligbad.ch\/wp-content\/uploads\/2024\/08\/Schintbuehl-Glacesortment-1024x635-1.jpg 1024w, https:\/\/www.schaerligbad.ch\/wp-content\/uploads\/2024\/08\/Schintbuehl-Glacesortment-1024x635-1-300x186.jpg 300w, https:\/\/www.schaerligbad.ch\/wp-content\/uploads\/2024\/08\/Schintbuehl-Glacesortment-1024x635-1-768x476.jpg 768w\" sizes=\"(max-width: 305px) 100vw, 305px\" \/><\/a><\/p>\n<p>&nbsp;<\/p>\n<p><a title=\"Schintb\u00fchl Glace\" href=\"http:\/\/www.schintbuehlglace.ch\" target=\"_blank\" rel=\"noopener noreferrer\">www.schintbuehlglace.ch<\/a><br \/>\nSchintb\u00fchl-Glac\u00e9: f\u00fcr Schleckm\u00e4uler mit Anspruch \ud83d\ude09<\/p>\n<p>&nbsp;<\/p>\n<p>&nbsp;<\/p>\n<p>&nbsp;<\/p>\n<p>&nbsp;<\/p>\n<p><a href=\"http:\/\/www.kambly.ch\" target=\"_blank\" rel=\"noopener noreferrer\"><img loading=\"lazy\" decoding=\"async\" class=\"alignleft wp-image-187 size-full\" title=\"Kambly\" src=\"https:\/\/www.schaerligbad.ch\/wp-content\/uploads\/2012\/12\/Kambly.png\" alt=\"\" width=\"305\" height=\"165\" srcset=\"https:\/\/www.schaerligbad.ch\/wp-content\/uploads\/2012\/12\/Kambly.png 305w, https:\/\/www.schaerligbad.ch\/wp-content\/uploads\/2012\/12\/Kambly-300x162.png 300w\" sizes=\"(max-width: 305px) 100vw, 305px\" \/><\/a><\/p>\n<p><a href=\"http:\/\/www.kambly.com\">http:\/\/www.kambly.com<\/a><\/p>\n<p>5 Autominuten von uns entfernt. Ein Besuch wert!<\/p>\n<p>&nbsp;<\/p>\n<p>&nbsp;<\/p>\n<p>&nbsp;<\/p>\n<p>&nbsp;<\/p>\n<p><a href=\"https:\/\/www.schaerligbad.ch\/wp-content\/uploads\/2024\/08\/Bergkaeserei.jpeg\"><img loading=\"lazy\" decoding=\"async\" class=\"alignleft wp-image-1733\" src=\"https:\/\/www.schaerligbad.ch\/wp-content\/uploads\/2024\/08\/Bergkaeserei.jpeg\" alt=\"\" width=\"305\" height=\"203\" \/><\/a><\/p>\n<p><a href=\"http:\/\/www.kaeserei-marbach.ch\">ht<\/a><a href=\"http:\/\/www.kaeserei-marbach.ch\">tp:\/\/www.kaeserei-marbach.ch<\/a><\/p>\n<p>&nbsp;<\/p>\n<p>Erlebnis-K\u00e4serei Marbach. Empfehlenswert f\u00fcr Entdecker: der Abenteurpfad.<\/p>\n<p>&nbsp;<\/p>\n<p>&nbsp;<\/p>\n<p>&nbsp;<\/p>\n<p><a href=\"https:\/\/www.schaerligbad.ch\/wp-content\/uploads\/2026\/02\/Dorfmetzg-1.png\"><img loading=\"lazy\" decoding=\"async\" class=\"alignleft size-medium wp-image-1943\" src=\"https:\/\/www.schaerligbad.ch\/wp-content\/uploads\/2026\/02\/Dorfmetzg-1-300x167.png\" alt=\"\" width=\"300\" height=\"167\" srcset=\"https:\/\/www.schaerligbad.ch\/wp-content\/uploads\/2026\/02\/Dorfmetzg-1-300x167.png 300w, https:\/\/www.schaerligbad.ch\/wp-content\/uploads\/2026\/02\/Dorfmetzg-1-1024x569.png 1024w, https:\/\/www.schaerligbad.ch\/wp-content\/uploads\/2026\/02\/Dorfmetzg-1-768x427.png 768w, https:\/\/www.schaerligbad.ch\/wp-content\/uploads\/2026\/02\/Dorfmetzg-1.png 1063w\" sizes=\"(max-width: 300px) 100vw, 300px\" \/><\/a><\/p>\n<p><a href=\"https:\/\/www.dorfmetzg-em.ch\/\">https:\/\/www.dorfmetzg-em.ch\/<\/a><\/p>\n<p>Unser Experte f\u00fcrs Fleisch.<\/p>\n<p>&nbsp;<\/p>\n<p>&nbsp;<\/p>\n<p><img loading=\"lazy\" decoding=\"async\" class=\"alignleft wp-image-184\" title=\"Bergrestaurant Erika\" src=\"http:\/\/www.schaerligbad.ch\/wp-content\/uploads\/2012\/12\/Erika.png\" alt=\"\" width=\"305\" height=\"224\" \/><\/p>\n<p>&nbsp;<\/p>\n<p><a href=\"http:\/\/www.bergrestaurant-erika.ch\">www.bergrestaurant-erika.ch<\/a><br \/>\nBergrestaurant Erika (siehe Rundwanderung)<\/p>\n<p>&nbsp;<\/p>\n<p>&nbsp;<\/p>\n<p>&nbsp;<\/p>\n<p>&nbsp;<\/p>\n<p>&nbsp;<\/p>\n<p><a href=\"https:\/\/www.schaerligbad.ch\/wp-content\/uploads\/2024\/08\/NFH.jpg\"><img loading=\"lazy\" decoding=\"async\" class=\"wp-image-1734 alignleft\" src=\"https:\/\/www.schaerligbad.ch\/wp-content\/uploads\/2024\/08\/NFH.jpg\" alt=\"\" width=\"305\" height=\"203\" srcset=\"https:\/\/www.schaerligbad.ch\/wp-content\/uploads\/2024\/08\/NFH.jpg 2560w, https:\/\/www.schaerligbad.ch\/wp-content\/uploads\/2024\/08\/NFH-300x200.jpg 300w, https:\/\/www.schaerligbad.ch\/wp-content\/uploads\/2024\/08\/NFH-1024x683.jpg 1024w, https:\/\/www.schaerligbad.ch\/wp-content\/uploads\/2024\/08\/NFH-768x512.jpg 768w, https:\/\/www.schaerligbad.ch\/wp-content\/uploads\/2024\/08\/NFH-1536x1025.jpg 1536w, https:\/\/www.schaerligbad.ch\/wp-content\/uploads\/2024\/08\/NFH-2048x1366.jpg 2048w\" sizes=\"(max-width: 305px) 100vw, 305px\" \/><\/a><\/p>\n<p><a href=\"https:\/\/schrattenblick.nfh.ch\/\">https:\/\/schrattenblick.nfh.ch\/<\/a><\/p>\n<p>Naturfreundehaus Schrattenblick: Idyllische Gruppenunterkunft mit Panorama<\/p>\n<p>&nbsp;<\/p>\n<p>&nbsp;<\/p>\n<p>&nbsp;<\/p>\n<p>&nbsp;<\/p>\n<p>&nbsp;<\/p>\n<p>&nbsp;<\/p>\n<p><a href=\"http:\/\/www.schaerligbad.ch\/wp-content\/uploads\/2015\/04\/lochsitli.jpg\"><img loading=\"lazy\" decoding=\"async\" class=\"size-medium wp-image-642 alignleft\" src=\"http:\/\/www.schaerligbad.ch\/wp-content\/uploads\/2015\/04\/lochsitli-300x158.jpg\" alt=\"lochsitli\" width=\"300\" height=\"158\" srcset=\"https:\/\/www.schaerligbad.ch\/wp-content\/uploads\/2015\/04\/lochsitli-300x158.jpg 300w, https:\/\/www.schaerligbad.ch\/wp-content\/uploads\/2015\/04\/lochsitli.jpg 950w\" sizes=\"(max-width: 300px) 100vw, 300px\" \/><\/a><\/p>\n<p><a href=\"http:\/\/www.lochsitli.ch\/\" target=\"_blank\" rel=\"noopener noreferrer\">www.lochsitli.ch<\/a><\/p>\n<p>Schottenhof Lochsitli. Erleben und Geniessen! Ferienwohnung bis 14 Personen mitten im Skigebiet.<\/p>\n<p>&nbsp;<\/p>\n<p>&nbsp;<\/p>\n<p>&nbsp;<\/p>\n<p><a href=\"https:\/\/wasserb\u00fcffel-marbach.ch\/\"><img loading=\"lazy\" decoding=\"async\" class=\"wp-image-1738 alignleft\" src=\"https:\/\/www.schaerligbad.ch\/wp-content\/uploads\/2024\/08\/Logo-Familie-Renggli.png\" alt=\"\" width=\"305\" height=\"269\" srcset=\"https:\/\/www.schaerligbad.ch\/wp-content\/uploads\/2024\/08\/Logo-Familie-Renggli.png 529w, https:\/\/www.schaerligbad.ch\/wp-content\/uploads\/2024\/08\/Logo-Familie-Renggli-300x264.png 300w\" sizes=\"(max-width: 305px) 100vw, 305px\" \/><\/a><\/p>\n<p>&nbsp;<\/p>\n<p><a href=\"https:\/\/wasserb\u00fcffel-marbach.ch\/\">https:\/\/wasserb\u00fcffel-marbach.ch\/<\/a><\/p>\n<p>Wasserb\u00fcffelhof: Interessante B\u00fcffelhoff\u00fchrungen auf Anmeldung.<\/p>\n<p>&nbsp;<\/p>\n<p>&nbsp;<\/p>\n<p>&nbsp;<\/p>\n<p>&nbsp;<\/p>\n<p>&nbsp;<\/p>\n<p><a href=\"https:\/\/www.schaerligbad.ch\/wp-content\/uploads\/2024\/08\/Lama-Trekking-Grossfeld.jpg\"><img loading=\"lazy\" decoding=\"async\" class=\"wp-image-1739 alignleft\" src=\"https:\/\/www.schaerligbad.ch\/wp-content\/uploads\/2024\/08\/Lama-Trekking-Grossfeld.jpg\" alt=\"\" width=\"305\" height=\"174\" srcset=\"https:\/\/www.schaerligbad.ch\/wp-content\/uploads\/2024\/08\/Lama-Trekking-Grossfeld.jpg 330w, https:\/\/www.schaerligbad.ch\/wp-content\/uploads\/2024\/08\/Lama-Trekking-Grossfeld-300x171.jpg 300w\" sizes=\"(max-width: 305px) 100vw, 305px\" \/><\/a><\/p>\n<p><a href=\"http:\/\/www.trekkinghof-grossfeld.ch\/\">http:\/\/www.trekkinghof-grossfeld.ch\/<\/a><\/p>\n<p>Lamatrekking auf Voranmeldung.<\/p>\n<p>&nbsp;<\/p>\n<p>&nbsp;<\/p>\n<p>&nbsp;<\/p>\n<p>&nbsp;<\/p>\n<p>&nbsp;<\/p>\n<p>&nbsp;<\/p>\n<p>&nbsp;<\/p>\n<p>&nbsp;<\/p>\n<p>&nbsp;<\/p>\n<p>&nbsp;<\/p>\n<p>&nbsp;<\/p>\n<p>&nbsp;<\/p>\n<p>&nbsp;<\/p>\n<p>&nbsp;<\/p>\n<p><a href=\"http:\/\/www.schaerligbad.ch\/wp-content\/uploads\/2019\/05\/L\u00f6tschenpass.pdf\">L\u00f6tschenpass<\/a><\/p>\n<p><a href=\"http:\/\/www.schaerligbad.ch\/wp-content\/uploads\/2019\/06\/L\u00f6tschenpass-Profikarten.pdf\">L\u00f6tschenpass 4 Tage<\/a><\/p>\n","protected":false},"excerpt":{"rendered":"<p>Panorama-Rundwanderung: Sie starten beim Sch\u00e4rligbad und geniessen Sie die herrliche Aussicht auf der 4 st\u00fcndigen Rundwanderung. Ob im Sommer oder Winter mit Schneeschuhen, ihre Anstrengung lohnt sich auf jeden Fall. Geniessen Sie eine Zwischenverpflegung im Bergrestaurant Erika und lassen Sie sich nachher im Sch\u00e4rligbad verw\u00f6hnen. Weitere Informationen zur Wanderung finden Sie hier: Rundwanderung mit Karte. [&hellip;]<\/p>\n","protected":false},"author":1,"featured_media":0,"parent":0,"menu_order":4,"comment_status":"closed","ping_status":"closed","template":"","meta":{"footnotes":""},"_links":{"self":[{"href":"https:\/\/www.schaerligbad.ch\/index.php?rest_route=\/wp\/v2\/pages\/150"}],"collection":[{"href":"https:\/\/www.schaerligbad.ch\/index.php?rest_route=\/wp\/v2\/pages"}],"about":[{"href":"https:\/\/www.schaerligbad.ch\/index.php?rest_route=\/wp\/v2\/types\/page"}],"author":[{"embeddable":true,"href":"https:\/\/www.schaerligbad.ch\/index.php?rest_route=\/wp\/v2\/users\/1"}],"replies":[{"embeddable":true,"href":"https:\/\/www.schaerligbad.ch\/index.php?rest_route=%2Fwp%2Fv2%2Fcomments&post=150"}],"version-history":[{"count":107,"href":"https:\/\/www.schaerligbad.ch\/index.php?rest_route=\/wp\/v2\/pages\/150\/revisions"}],"predecessor-version":[{"id":1958,"href":"https:\/\/www.schaerligbad.ch\/index.php?rest_route=\/wp\/v2\/pages\/150\/revisions\/1958"}],"wp:attachment":[{"href":"https:\/\/www.schaerligbad.ch\/index.php?rest_route=%2Fwp%2Fv2%2Fmedia&parent=150"}],"curies":[{"name":"wp","href":"https:\/\/api.w.org\/{rel}","templated":true}]}}