{"id":315,"date":"2021-04-06T14:51:17","date_gmt":"2021-04-06T12:51:17","guid":{"rendered":"http:\/\/www.schaerligbad.ch\/?page_id=315"},"modified":"2022-12-26T16:17:04","modified_gmt":"2022-12-26T14:17:04","slug":"lokalitaten","status":"publish","type":"page","link":"https:\/\/www.schaerligbad.ch\/?page_id=315","title":{"rendered":"Lokalit\u00e4ten"},"content":{"rendered":"<h2 style=\"text-align: center;\"><strong>Gaststube (40 Pl\u00e4tze)<\/strong><\/h2>\n<p style=\"text-align: center;\"><a href=\"http:\/\/www.schaerligbad.ch\/wp-content\/uploads\/2013\/08\/Restaurant.jpg\" target=\"_blank\" rel=\"noopener noreferrer\"><img loading=\"lazy\" decoding=\"async\" class=\"aligncenter wp-image-320\" title=\"Restaurant\" src=\"http:\/\/www.schaerligbad.ch\/wp-content\/uploads\/2013\/08\/Restaurant-1024x768.jpg\" alt=\"\" width=\"653\" height=\"490\" srcset=\"https:\/\/www.schaerligbad.ch\/wp-content\/uploads\/2013\/08\/Restaurant-1024x768.jpg 1024w, https:\/\/www.schaerligbad.ch\/wp-content\/uploads\/2013\/08\/Restaurant-300x225.jpg 300w\" sizes=\"(max-width: 653px) 100vw, 653px\" \/><\/a> <a href=\"http:\/\/www.schaerligbad.ch\/wp-content\/uploads\/2013\/08\/Restaurant-gedeckt.jpg\" target=\"_blank\" rel=\"noopener noreferrer\"><img loading=\"lazy\" decoding=\"async\" class=\"aligncenter wp-image-319\" title=\"Restaurant gedeckt\" src=\"http:\/\/www.schaerligbad.ch\/wp-content\/uploads\/2013\/08\/Restaurant-gedeckt-1024x768.jpg\" alt=\"\" width=\"653\" height=\"490\" srcset=\"https:\/\/www.schaerligbad.ch\/wp-content\/uploads\/2013\/08\/Restaurant-gedeckt-1024x768.jpg 1024w, https:\/\/www.schaerligbad.ch\/wp-content\/uploads\/2013\/08\/Restaurant-gedeckt-300x225.jpg 300w\" sizes=\"(max-width: 653px) 100vw, 653px\" \/><\/a><\/p>\n<h2 style=\"text-align: center;\"><strong>S\u00e4\u00e4li\u00a0(40 Pl\u00e4tze)<\/strong><\/h2>\n<p style=\"text-align: center;\"><a href=\"http:\/\/www.schaerligbad.ch\/wp-content\/uploads\/2013\/08\/S\u00e4\u00e4li-gedeckt-Block.jpg\" target=\"_blank\" rel=\"noopener noreferrer\"><img loading=\"lazy\" decoding=\"async\" class=\"aligncenter wp-image-321\" title=\"S\u00e4\u00e4li gedeckt Block\" src=\"http:\/\/www.schaerligbad.ch\/wp-content\/uploads\/2013\/08\/S\u00e4\u00e4li-gedeckt-Block.jpg\" alt=\"\" width=\"653\" height=\"490\" srcset=\"https:\/\/www.schaerligbad.ch\/wp-content\/uploads\/2013\/08\/S\u00e4\u00e4li-gedeckt-Block.jpg 3264w, https:\/\/www.schaerligbad.ch\/wp-content\/uploads\/2013\/08\/S\u00e4\u00e4li-gedeckt-Block-300x225.jpg 300w, https:\/\/www.schaerligbad.ch\/wp-content\/uploads\/2013\/08\/S\u00e4\u00e4li-gedeckt-Block-1024x768.jpg 1024w\" sizes=\"(max-width: 653px) 100vw, 653px\" \/><\/a><\/p>\n<p>&nbsp;<\/p>\n<p style=\"text-align: center;\"><a href=\"https:\/\/www.schaerligbad.ch\/wp-content\/uploads\/2022\/12\/IMG-20210922-WA0008.jpg\"><img loading=\"lazy\" decoding=\"async\" class=\"aligncenter size-large wp-image-1534\" src=\"https:\/\/www.schaerligbad.ch\/wp-content\/uploads\/2022\/12\/IMG-20210922-WA0008-768x1024.jpg\" alt=\"\" width=\"540\" height=\"720\" srcset=\"https:\/\/www.schaerligbad.ch\/wp-content\/uploads\/2022\/12\/IMG-20210922-WA0008-768x1024.jpg 768w, https:\/\/www.schaerligbad.ch\/wp-content\/uploads\/2022\/12\/IMG-20210922-WA0008-225x300.jpg 225w, https:\/\/www.schaerligbad.ch\/wp-content\/uploads\/2022\/12\/IMG-20210922-WA0008-1152x1536.jpg 1152w, https:\/\/www.schaerligbad.ch\/wp-content\/uploads\/2022\/12\/IMG-20210922-WA0008.jpg 1368w\" sizes=\"(max-width: 540px) 100vw, 540px\" \/><\/a>Herbst-Deko<\/p>\n<p style=\"text-align: center;\"><a href=\"https:\/\/www.schaerligbad.ch\/wp-content\/uploads\/2022\/12\/IMG_20211124_202055-scaled.jpg\"><img loading=\"lazy\" decoding=\"async\" class=\"aligncenter size-large wp-image-1535\" src=\"https:\/\/www.schaerligbad.ch\/wp-content\/uploads\/2022\/12\/IMG_20211124_202055-1024x768.jpg\" alt=\"\" width=\"540\" height=\"405\" srcset=\"https:\/\/www.schaerligbad.ch\/wp-content\/uploads\/2022\/12\/IMG_20211124_202055-1024x768.jpg 1024w, https:\/\/www.schaerligbad.ch\/wp-content\/uploads\/2022\/12\/IMG_20211124_202055-300x225.jpg 300w, https:\/\/www.schaerligbad.ch\/wp-content\/uploads\/2022\/12\/IMG_20211124_202055-768x576.jpg 768w, https:\/\/www.schaerligbad.ch\/wp-content\/uploads\/2022\/12\/IMG_20211124_202055-1536x1152.jpg 1536w, https:\/\/www.schaerligbad.ch\/wp-content\/uploads\/2022\/12\/IMG_20211124_202055-2048x1536.jpg 2048w\" sizes=\"(max-width: 540px) 100vw, 540px\" \/><\/a>Winter Deko<\/p>\n<p>&nbsp;<\/p>\n<h2 style=\"text-align: center;\"><strong>Terrasse (46)<\/strong><\/h2>\n<p style=\"text-align: center;\"><a href=\"https:\/\/www.schaerligbad.ch\/wp-content\/uploads\/2021\/06\/IMG_20210614_162242-002-scaled.jpg\"><img loading=\"lazy\" decoding=\"async\" class=\"aligncenter wp-image-1365 size-large\" src=\"https:\/\/www.schaerligbad.ch\/wp-content\/uploads\/2021\/06\/IMG_20210614_162242-002-1024x768.jpg\" alt=\"\" width=\"540\" height=\"405\" srcset=\"https:\/\/www.schaerligbad.ch\/wp-content\/uploads\/2021\/06\/IMG_20210614_162242-002-1024x768.jpg 1024w, https:\/\/www.schaerligbad.ch\/wp-content\/uploads\/2021\/06\/IMG_20210614_162242-002-300x225.jpg 300w, https:\/\/www.schaerligbad.ch\/wp-content\/uploads\/2021\/06\/IMG_20210614_162242-002-768x576.jpg 768w, https:\/\/www.schaerligbad.ch\/wp-content\/uploads\/2021\/06\/IMG_20210614_162242-002-1536x1152.jpg 1536w, https:\/\/www.schaerligbad.ch\/wp-content\/uploads\/2021\/06\/IMG_20210614_162242-002-2048x1536.jpg 2048w\" sizes=\"(max-width: 540px) 100vw, 540px\" \/><\/a><a href=\"https:\/\/www.schaerligbad.ch\/wp-content\/uploads\/2021\/06\/IMG_20210614_162405-002-scaled.jpg\"><img loading=\"lazy\" decoding=\"async\" class=\"aligncenter wp-image-1367 size-large\" src=\"https:\/\/www.schaerligbad.ch\/wp-content\/uploads\/2021\/06\/IMG_20210614_162405-002-1024x768.jpg\" alt=\"\" width=\"540\" height=\"405\" srcset=\"https:\/\/www.schaerligbad.ch\/wp-content\/uploads\/2021\/06\/IMG_20210614_162405-002-1024x768.jpg 1024w, https:\/\/www.schaerligbad.ch\/wp-content\/uploads\/2021\/06\/IMG_20210614_162405-002-300x225.jpg 300w, https:\/\/www.schaerligbad.ch\/wp-content\/uploads\/2021\/06\/IMG_20210614_162405-002-768x576.jpg 768w, https:\/\/www.schaerligbad.ch\/wp-content\/uploads\/2021\/06\/IMG_20210614_162405-002-1536x1152.jpg 1536w, https:\/\/www.schaerligbad.ch\/wp-content\/uploads\/2021\/06\/IMG_20210614_162405-002-2048x1536.jpg 2048w\" sizes=\"(max-width: 540px) 100vw, 540px\" \/><\/a><\/p>\n","protected":false},"excerpt":{"rendered":"<p>Gaststube (40 Pl\u00e4tze) S\u00e4\u00e4li\u00a0(40 Pl\u00e4tze) &nbsp; Herbst-Deko Winter Deko &nbsp; Terrasse (46)<\/p>\n","protected":false},"author":1,"featured_media":0,"parent":0,"menu_order":2,"comment_status":"closed","ping_status":"closed","template":"","meta":{"footnotes":""},"_links":{"self":[{"href":"https:\/\/www.schaerligbad.ch\/index.php?rest_route=\/wp\/v2\/pages\/315"}],"collection":[{"href":"https:\/\/www.schaerligbad.ch\/index.php?rest_route=\/wp\/v2\/pages"}],"about":[{"href":"https:\/\/www.schaerligbad.ch\/index.php?rest_route=\/wp\/v2\/types\/page"}],"author":[{"embeddable":true,"href":"https:\/\/www.schaerligbad.ch\/index.php?rest_route=\/wp\/v2\/users\/1"}],"replies":[{"embeddable":true,"href":"https:\/\/www.schaerligbad.ch\/index.php?rest_route=%2Fwp%2Fv2%2Fcomments&post=315"}],"version-history":[{"count":15,"href":"https:\/\/www.schaerligbad.ch\/index.php?rest_route=\/wp\/v2\/pages\/315\/revisions"}],"predecessor-version":[{"id":1537,"href":"https:\/\/www.schaerligbad.ch\/index.php?rest_route=\/wp\/v2\/pages\/315\/revisions\/1537"}],"wp:attachment":[{"href":"https:\/\/www.schaerligbad.ch\/index.php?rest_route=%2Fwp%2Fv2%2Fmedia&parent=315"}],"curies":[{"name":"wp","href":"https:\/\/api.w.org\/{rel}","templated":true}]}}