{"id":32,"date":"2026-03-26T00:20:20","date_gmt":"2026-03-25T22:20:20","guid":{"rendered":"http:\/\/schaerligbad.ch\/?page_id=32"},"modified":"2026-03-28T15:44:02","modified_gmt":"2026-03-28T13:44:02","slug":"restaurant","status":"publish","type":"page","link":"https:\/\/www.schaerligbad.ch\/?page_id=32","title":{"rendered":"Speisen &#038; Getr\u00e4nke"},"content":{"rendered":"<p><span style=\"color: #000000;\"><strong>Unsere Spezialit\u00e4ten sind:<\/strong><\/span><\/p>\n<ul>\n<li><span style=\"color: #000000;\">Sch\u00e4rligsteak<\/span><\/li>\n<li>Sch\u00e4rligschnitzel<\/li>\n<li><span style=\"color: #000000;\">Cordon Bleu<\/span><\/li>\n<li><span style=\"color: #000000;\">\u00c4lplerr\u00f6sti<\/span><\/li>\n<li>Forellenfilets von der Fischzucht Escholzmatt<\/li>\n<li><span style=\"color: #000000;\">Fitnessteller mit Fleisch nach Wahl<\/span><\/li>\n<li><span style=\"color: #000000;\">Wild (Saison)<\/span><\/li>\n<\/ul>\n<p><span style=\"color: #000000;\"><strong>Hier finden Sie unsere Auswahl an Men\u00fcs:<\/strong><\/span><\/p>\n<p>&nbsp;<\/p>\n<ul>\n<li><a href=\"https:\/\/www.schaerligbad.ch\/wp-content\/uploads\/2025\/11\/Speisekarte-2.2025.pdf\">Speisekarte<\/a><\/li>\n<li><a href=\"https:\/\/www.schaerligbad.ch\/wp-content\/uploads\/2026\/03\/Menuevorschlaege-01.2026.pdf\">Men\u00fcvorschl\u00e4ge<\/a><\/li>\n<li><a href=\"https:\/\/www.schaerligbad.ch\/wp-content\/uploads\/2025\/01\/Sonntagskarte-2025.pdf\">Sonntagskarte<\/a><\/li>\n<li><a href=\"https:\/\/www.schaerligbad.ch\/wp-content\/uploads\/2025\/10\/Dessertkarte-Online.pdf\">Dessertkarte<\/a><\/li>\n<li><a href=\"https:\/\/www.schaerligbad.ch\/wp-content\/uploads\/2025\/01\/Hit-Menue-2025.pdf\">Hit Men\u00fc<\/a><\/li>\n<li><a href=\"https:\/\/www.schaerligbad.ch\/wp-content\/uploads\/2024\/01\/Schaerligbad-Menue-2024.pdf\">Sch\u00e4rligbad Men\u00fc<\/a><\/li>\n<\/ul>\n<p>&nbsp;<\/p>\n<p>Werte G\u00e4ste,<\/p>\n<p>in der Wildsaison bieten wir nur Wildspezialit\u00e4ten an.<\/p>\n<p>Herzlichen Dank f\u00fcr Ihr Verst\u00e4ndnis.<\/p>\n<p>&nbsp;<\/p>\n<p><span style=\"color: #000000;\"><strong>F\u00fcr unsere j\u00fcngsten G\u00e4ste f\u00fchren wir eine separate Kinderkarte:<\/strong><\/span><\/p>\n<ul>\n<li><span style=\"color: #000000;\">Bello-Teller Fr. 12.00<\/span><br \/>\n<span style=\"color: #000000;\"> 1 Paniertes Schweinsschnitzel mit Pommes frites<\/span><\/li>\n<\/ul>\n<ul>\n<li><span style=\"color: #000000;\">Bunny-Teller Fr. 12.00<\/span><br \/>\n<span style=\"color: #000000;\"> 5 Chicken Nuggets mit Pommes frites<\/span><\/li>\n<\/ul>\n<ul>\n<li><span style=\"color: #000000;\">Goofy-Teller. 12.00<\/span><br \/>\n<span style=\"color: #000000;\"><span style=\"color: #333333;\">1 <\/span>Schweins-Rahmschnitzel mit N\u00fcdeli<\/span><\/li>\n<li>+ Kids-Gem\u00fcse Beilage 5.00<\/li>\n<\/ul>\n<p>&nbsp;<\/p>\n<p>(\u00c4nderungen vorbehalten, Stand Mai 2025)<\/p>\n<p><span style=\"color: #000000;\">Falls du dasselbe essen mo\u0308chtest wie deine grossen Begleiter, bieten wir fast u\u0308berall Kinderportionen an.<\/span><br \/>\n<span style=\"color: #000000;\"> Frag bitte das Servicepersonal!<\/span><\/p>\n<p><a href=\"http:\/\/www.schaerligbad.ch\/wp-content\/uploads\/2016\/04\/S\u00e4\u00e4li-gedeckt-Block.jpg\"><img loading=\"lazy\" decoding=\"async\" class=\"alignnone wp-image-752 size-medium\" src=\"http:\/\/www.schaerligbad.ch\/wp-content\/uploads\/2016\/04\/S\u00e4\u00e4li-gedeckt-Block-300x225.jpg\" alt=\"S\u00e4\u00e4li gedeckt Block\" width=\"300\" height=\"225\" srcset=\"https:\/\/www.schaerligbad.ch\/wp-content\/uploads\/2016\/04\/S\u00e4\u00e4li-gedeckt-Block-300x225.jpg 300w, https:\/\/www.schaerligbad.ch\/wp-content\/uploads\/2016\/04\/S\u00e4\u00e4li-gedeckt-Block-1024x768.jpg 1024w\" sizes=\"(max-width: 300px) 100vw, 300px\" \/><\/a><\/p>\n","protected":false},"excerpt":{"rendered":"<p>Unsere Spezialit\u00e4ten sind: Sch\u00e4rligsteak Sch\u00e4rligschnitzel Cordon Bleu \u00c4lplerr\u00f6sti Forellenfilets von der Fischzucht Escholzmatt Fitnessteller mit Fleisch nach Wahl Wild (Saison) Hier finden Sie unsere Auswahl an Men\u00fcs: &nbsp; Speisekarte Men\u00fcvorschl\u00e4ge Sonntagskarte Dessertkarte Hit Men\u00fc Sch\u00e4rligbad Men\u00fc &nbsp; Werte G\u00e4ste, in der Wildsaison bieten wir nur Wildspezialit\u00e4ten an. Herzlichen Dank f\u00fcr Ihr Verst\u00e4ndnis. &nbsp; F\u00fcr unsere [&hellip;]<\/p>\n","protected":false},"author":1,"featured_media":0,"parent":0,"menu_order":2,"comment_status":"closed","ping_status":"closed","template":"","meta":{"footnotes":""},"_links":{"self":[{"href":"https:\/\/www.schaerligbad.ch\/index.php?rest_route=\/wp\/v2\/pages\/32"}],"collection":[{"href":"https:\/\/www.schaerligbad.ch\/index.php?rest_route=\/wp\/v2\/pages"}],"about":[{"href":"https:\/\/www.schaerligbad.ch\/index.php?rest_route=\/wp\/v2\/types\/page"}],"author":[{"embeddable":true,"href":"https:\/\/www.schaerligbad.ch\/index.php?rest_route=\/wp\/v2\/users\/1"}],"replies":[{"embeddable":true,"href":"https:\/\/www.schaerligbad.ch\/index.php?rest_route=%2Fwp%2Fv2%2Fcomments&post=32"}],"version-history":[{"count":158,"href":"https:\/\/www.schaerligbad.ch\/index.php?rest_route=\/wp\/v2\/pages\/32\/revisions"}],"predecessor-version":[{"id":476,"href":"https:\/\/www.schaerligbad.ch\/index.php?rest_route=\/wp\/v2\/pages\/32\/revisions\/476"}],"wp:attachment":[{"href":"https:\/\/www.schaerligbad.ch\/index.php?rest_route=%2Fwp%2Fv2%2Fmedia&parent=32"}],"curies":[{"name":"wp","href":"https:\/\/api.w.org\/{rel}","templated":true}]}}