{"id":39,"date":"2026-03-31T14:24:29","date_gmt":"2026-03-31T12:24:29","guid":{"rendered":"http:\/\/schaerligbad.ch\/?page_id=39"},"modified":"2026-04-19T16:59:08","modified_gmt":"2026-04-19T14:59:08","slug":"uber-uns","status":"publish","type":"page","link":"https:\/\/www.schaerligbad.ch\/?page_id=39","title":{"rendered":"\u00d6ffnungszeiten &#038; Kontakt"},"content":{"rendered":"<p><span style=\"color: #000000;\">Sch\u00e4rligbad GmbH<a href=\"http:\/\/www.schaerligbad.ch\/wp-content\/uploads\/2012\/12\/Karte-Sch\u00e4rligbad.png\"><img loading=\"lazy\" decoding=\"async\" class=\"size-medium wp-image-513 alignright\" src=\"http:\/\/www.schaerligbad.ch\/wp-content\/uploads\/2012\/12\/Karte-Sch\u00e4rligbad-300x225.png\" alt=\"Karte Sch\u00e4rligbad\" width=\"300\" height=\"225\" srcset=\"https:\/\/www.schaerligbad.ch\/wp-content\/uploads\/2012\/12\/Karte-Sch\u00e4rligbad-300x225.png 300w, https:\/\/www.schaerligbad.ch\/wp-content\/uploads\/2012\/12\/Karte-Sch\u00e4rligbad.png 880w\" sizes=\"(max-width: 300px) 100vw, 300px\" \/><\/a><\/span><br \/>\n<span style=\"color: #000000;\">Sch\u00e4rligbad 1<\/span><br \/>\n<span style=\"color: #000000;\"> 6196 Marbach LU<\/span><\/p>\n<p><span style=\"color: #000000;\">Tel. 034 493 33 04<\/span><\/p>\n<p><a href=\"mailto:info@schaerligbad.ch\">info@schaerligbad.ch<\/a><\/p>\n<p>&nbsp;<\/p>\n<h4><span style=\"color: #000000; font-family: Calibri;\">\u00d6ffnungszeiten:<\/span><\/h4>\n<p><span style=\"color: #000000; font-family: Calibri;\">Montag\u00a0\u00a0\u00a0\u00a0\u00a0\u00a0\u00a0\u00a0\u00a0\u00a0\u00a0\u00a0\u00a0\u00a0\u00a0\u00a0\u00a0\u00a0\u00a0\u00a0\u00a0 geschlossen<\/span><\/p>\n<p><span style=\"color: #000000; font-family: Calibri;\">Dienstag\u00a0\u00a0\u00a0\u00a0\u00a0\u00a0\u00a0\u00a0\u00a0\u00a0\u00a0\u00a0\u00a0\u00a0\u00a0\u00a0\u00a0\u00a0\u00a0 geschlossen<\/span><\/p>\n<p style=\"text-align: left;\"><span style=\"color: #000000; font-family: Calibri;\">Mittwoch \u00a0\u00a0\u00a0\u00a0\u00a0\u00a0\u00a0\u00a0\u00a0\u00a0\u00a0\u00a0\u00a0\u00a0\u00a0\u00a0 17h00\u00a0\u00a0\u00a0\u00a0\u00a0\u00a0 bis \u00a0\u00a0 Feierabend*<\/span><\/p>\n<p><span style=\"color: #000000; font-family: Calibri;\">Donnerstag\u00a0\u00a0\u00a0\u00a0\u00a0\u00a0\u00a0\u00a0\u00a0\u00a0\u00a0\u00a0\u00a0 10h00\u00a0\u00a0\u00a0\u00a0\u00a0\u00a0\u00a0\u00a0 bis\u00a0\u00a0\u00a0 Feierabend*<\/span><\/p>\n<p><span style=\"color: #000000; font-family: Calibri;\">Freitag\u00a0\u00a0\u00a0\u00a0\u00a0\u00a0\u00a0\u00a0\u00a0\u00a0\u00a0\u00a0\u00a0\u00a0\u00a0\u00a0\u00a0\u00a0\u00a0\u00a0\u00a0 10h00\u00a0\u00a0\u00a0\u00a0\u00a0\u00a0\u00a0\u00a0 bis \u00a0\u00a0 Feierabend*<\/span><\/p>\n<p><span style=\"color: #000000; font-family: Calibri;\">Samstag\u00a0\u00a0\u00a0\u00a0\u00a0\u00a0\u00a0\u00a0\u00a0\u00a0\u00a0\u00a0\u00a0\u00a0\u00a0\u00a0\u00a0\u00a0 10h00\u00a0\u00a0\u00a0\u00a0\u00a0\u00a0\u00a0\u00a0 bis \u00a0\u00a0 Feierabend*<\/span><\/p>\n<p><span style=\"color: #000000; font-family: Calibri;\">Sonntag\u00a0\u00a0\u00a0\u00a0\u00a0\u00a0\u00a0\u00a0\u00a0\u00a0\u00a0\u00a0\u00a0\u00a0\u00a0\u00a0\u00a0\u00a0 10h00 \u00a0\u00a0\u00a0\u00a0\u00a0\u00a0\u00a0 bis\u00a0\u00a0\u00a0 17h00<\/span><\/p>\n<p><span style=\"color: #000000; font-family: Calibri;\">*zwischen 21h30 und 23h00, wenn uns der letzte Gast verl\u00e4sst.<\/span><\/p>\n<p>&nbsp;<\/p>\n<h4>Ferien 2026:<\/h4>\n<p>22. Juni bis 7. Juli 2026<\/p>\n<p>7. bis 29. September 2026<\/p>\n<p>&nbsp;<\/p>\n<p>&nbsp;<\/p>\n<p>&nbsp;<\/p>\n<p>&nbsp;<\/p>\n","protected":false},"excerpt":{"rendered":"<p>Sch\u00e4rligbad GmbH Sch\u00e4rligbad 1 6196 Marbach LU Tel. 034 493 33 04 info@schaerligbad.ch &nbsp; \u00d6ffnungszeiten: Montag\u00a0\u00a0\u00a0\u00a0\u00a0\u00a0\u00a0\u00a0\u00a0\u00a0\u00a0\u00a0\u00a0\u00a0\u00a0\u00a0\u00a0\u00a0\u00a0\u00a0\u00a0 geschlossen Dienstag\u00a0\u00a0\u00a0\u00a0\u00a0\u00a0\u00a0\u00a0\u00a0\u00a0\u00a0\u00a0\u00a0\u00a0\u00a0\u00a0\u00a0\u00a0\u00a0 geschlossen Mittwoch \u00a0\u00a0\u00a0\u00a0\u00a0\u00a0\u00a0\u00a0\u00a0\u00a0\u00a0\u00a0\u00a0\u00a0\u00a0\u00a0 17h00\u00a0\u00a0\u00a0\u00a0\u00a0\u00a0 bis \u00a0\u00a0 Feierabend* Donnerstag\u00a0\u00a0\u00a0\u00a0\u00a0\u00a0\u00a0\u00a0\u00a0\u00a0\u00a0\u00a0\u00a0 10h00\u00a0\u00a0\u00a0\u00a0\u00a0\u00a0\u00a0\u00a0 bis\u00a0\u00a0\u00a0 Feierabend* Freitag\u00a0\u00a0\u00a0\u00a0\u00a0\u00a0\u00a0\u00a0\u00a0\u00a0\u00a0\u00a0\u00a0\u00a0\u00a0\u00a0\u00a0\u00a0\u00a0\u00a0\u00a0 10h00\u00a0\u00a0\u00a0\u00a0\u00a0\u00a0\u00a0\u00a0 bis \u00a0\u00a0 Feierabend* Samstag\u00a0\u00a0\u00a0\u00a0\u00a0\u00a0\u00a0\u00a0\u00a0\u00a0\u00a0\u00a0\u00a0\u00a0\u00a0\u00a0\u00a0\u00a0 10h00\u00a0\u00a0\u00a0\u00a0\u00a0\u00a0\u00a0\u00a0 bis \u00a0\u00a0 Feierabend* Sonntag\u00a0\u00a0\u00a0\u00a0\u00a0\u00a0\u00a0\u00a0\u00a0\u00a0\u00a0\u00a0\u00a0\u00a0\u00a0\u00a0\u00a0\u00a0 10h00 \u00a0\u00a0\u00a0\u00a0\u00a0\u00a0\u00a0 bis\u00a0\u00a0\u00a0 17h00 *zwischen 21h30 und 23h00, wenn uns der letzte Gast verl\u00e4sst. &nbsp; [&hellip;]<\/p>\n","protected":false},"author":2,"featured_media":0,"parent":0,"menu_order":5,"comment_status":"closed","ping_status":"closed","template":"","meta":{"footnotes":""},"_links":{"self":[{"href":"https:\/\/www.schaerligbad.ch\/index.php?rest_route=\/wp\/v2\/pages\/39"}],"collection":[{"href":"https:\/\/www.schaerligbad.ch\/index.php?rest_route=\/wp\/v2\/pages"}],"about":[{"href":"https:\/\/www.schaerligbad.ch\/index.php?rest_route=\/wp\/v2\/types\/page"}],"author":[{"embeddable":true,"href":"https:\/\/www.schaerligbad.ch\/index.php?rest_route=\/wp\/v2\/users\/2"}],"replies":[{"embeddable":true,"href":"https:\/\/www.schaerligbad.ch\/index.php?rest_route=%2Fwp%2Fv2%2Fcomments&post=39"}],"version-history":[{"count":117,"href":"https:\/\/www.schaerligbad.ch\/index.php?rest_route=\/wp\/v2\/pages\/39\/revisions"}],"predecessor-version":[{"id":1964,"href":"https:\/\/www.schaerligbad.ch\/index.php?rest_route=\/wp\/v2\/pages\/39\/revisions\/1964"}],"wp:attachment":[{"href":"https:\/\/www.schaerligbad.ch\/index.php?rest_route=%2Fwp%2Fv2%2Fmedia&parent=39"}],"curies":[{"name":"wp","href":"https:\/\/api.w.org\/{rel}","templated":true}]}}